{"id":180,"date":"2012-06-11T21:46:57","date_gmt":"2012-06-11T19:46:57","guid":{"rendered":"http:\/\/www.tropenvillacuracao.nl\/?page_id=180"},"modified":"2023-06-18T11:37:58","modified_gmt":"2023-06-18T09:37:58","slug":"ligging-en-activiteiten","status":"publish","type":"page","link":"https:\/\/www.tropenvillacuracao.nl\/index.php\/ligging-en-activiteiten\/","title":{"rendered":"Ligging en activiteiten"},"content":{"rendered":"<h5>Ligging op Cura\u00e7ao<\/h5>\n<p>De Tropenvilla ligt in het lommerrijke Julianadorp, een rustige koloniale villawijk. Julianadorp ligt\u00a0\u00a0zeer centraal op het eiland, het\u00a0strand en de 18 holes <a title=\"Filmpje Golf Blue Bay\" href=\"http:\/\/youtu.be\/L12ZGixJcWU?hd=1\" target=\"_blank\" rel=\"noopener noreferrer\">golfbaan van Blue Bay <\/a>ligt op slechts 5 minuten, het is 7 minuten (met de auto) van de luchthaven Hato en slechts 10 minuten van Willemstad en alle restaurants en op 2 minuten afstand van de grote Centrum Supermarkt en\u00a0 de Universiteit. Op het kaartje hieronder ziet u de route van het vliegveld Hato naar de Tropenvilla. Een uitgebreide routebeschrijving vindt u op de <a href=\"https:\/\/maps.google.nl\/maps\/ms?msid=203207984975656919811.0004c2330bfb5f552bc76&amp;msa=0&amp;ll=12.209838,-68.99929&amp;spn=0.282538,0.42881\" target=\"_blank\" rel=\"noopener noreferrer\">Tropenvilla\u00a0Google map.<\/a><\/p>\n<p>Centraler dan in Julianadorp kunt u niet zitten. Voor diegenen die al eens op Cura\u00e7ao geweest zijn is Julianadorp vast een bekende plek: de prachtige, groene villawijk net iets ten westen van Otrobanda en op een steenworp afstand van Piscadera. Julianadorp is een ruim opgezette villawijk, in 1948 gebouwd om de directie van de Shell te huisvesten. De speciaal ontworpen tropenwoningen met hun vele erkers, brede dakoverstekken en zeer royale maten zijn bijzonder voor Cura\u00e7ao maar typisch voor Julianadorp. De \u2018Hollandsche Tropen\u2019 is een goede bijnaam voor Julianadorp: de grote koloniale villa\u2019s op zeer ruime kavels aan de brede groene lanen ademen de sfeer van vervlogen tijden.<\/p>\n<p>&nbsp;<\/p>\n<p><iframe loading=\"lazy\" src=\"https:\/\/maps.google.com\/maps\/ms?msid=203207984975656919811.0004c2330bfb5f552bc76&amp;msa=0&amp;hl=nl&amp;ie=UTF8&amp;t=m&amp;ll=12.130299,-68.911743&amp;spn=0.067131,0.222816&amp;z=12&amp;output=embed\" width=\"650\" height=\"400\" frameborder=\"0\" marginwidth=\"0\" marginheight=\"0\" scrolling=\"no\"><\/iframe><\/p>\n<h3>Het echte Cura\u00e7ao<\/h3>\n<p>De Tropenvilla in Julianadorp is de ideale uitvalsbasis om meer van Cura\u00e7ao te zien dan alleen het bekende Jan Thiel en Mambo Beach. De ervaren Cura\u00e7ao-ganger weet dat het eiland nog veel meer te bieden heeft zoals het rustige en onaangetaste westen met zijn vele prachtige baaien en natuurlijke stranden. Kokomo Beach, Cas Abao, Grote Knip, Daaibooibaai en Porto Mari met hun hagelwitte natuurlijke stranden en kristal helder water zijn maar een paar van de 42 stranden en ware tropische paradijsjes. Of rijdt eens naar het beroemde Westpunt en buig af naar de ruige kust aan de andere kant van het eiland en geniet van het spectaculaire uitzicht en zie de ruige zee op de rotsen beuken.<\/p>\n<p>Maar er is meer dan kust, ontdek het karakteristieke platteland (\u2018knoek\u2019 in het Papiamentu) van Cura\u00e7ao met zijn oude landhuizen en knoek-huisjes en geniet onderweg een pastechi met een koud biertje bij de Sn\u00e8ck. Om Cura\u00e7ao te ontdekken is een huurauto onontbeerlijk voor de mooiste stranden, de leukste barretjes en de beste restaurants. Of u nu een drankje gaat drinken in de stad bij de <a title=\"De Gouverneur\" href=\"http:\/\/www.de-gouverneur.com\/index.html\" target=\"_blank\" rel=\"noopener noreferrer\">Gouverneur<\/a>, of in het historische <a href=\"https:\/\/pietermaaidistrict.com\/\" target=\"_blank\" rel=\"noopener noreferrer\">Pietermaai<\/a> bij Miles Jazz Cafe of bij de <a title=\"Saint Tropez Ocean Club\" href=\"http:\/\/www.sainttropezcuracao.com\/\" target=\"_blank\" rel=\"noopener noreferrer\">Saint Tropez Ocean Club<\/a>\u00a0of aan\u00a0de <a title=\"Schoonerbar\" href=\"http:\/\/www.avilahotel.nl\/drink-schooner-bar\" target=\"_blank\" rel=\"noopener noreferrer\">Schoonerbar<\/a> bij het Avila Hotel of een hapje gaat eten bij het restaurant van Kokomo Beach, bij Bij Blauw, Kome, bij de Visserij of met de voetjes in het zand bij <a href=\"http:\/\/piratebaycuracao.com\/nl\/\" target=\"_blank\" rel=\"noopener noreferrer\">Pirate Bay<\/a> in Piscadera. Bij <a href=\"http:\/\/debuurvrouwcuracao.com\/\" target=\"_blank\" rel=\"noopener noreferrer\">De buurvrouw<\/a>,\u00a0 <a title=\"Landhuis Daniel\" href=\"http:\/\/www.landhuisdaniel.com\/index.php?pg=10\" target=\"_blank\" rel=\"noopener noreferrer\">landhuis Daniel <\/a>of <a title=\"Rozendaels\" href=\"http:\/\/www.rozendaels.com\/\" target=\"_blank\" rel=\"noopener noreferrer\">Rozendaels <\/a>het is weliswaar allemaal even dichtbij maar alleen met de auto te bereiken. Iets verder rijden maar zeker ook de moeite waard is een sundowner drinken of een dineren bij <a href=\"https:\/\/karaktercuracao.com\/\" target=\"_blank\" rel=\"noopener noreferrer\">Karakter<\/a>. En zoals met alles op Cura\u00e7ao is ook het autorijden en het verkeer heel relaxed en is de bewegwijzering op het hele eiland heel duidelijk en herkenbaar met ouderwetse Hollandse ANWB-borden.<\/p>\n<h3><\/h3>\n<h3>Willemstad<\/h3>\n<p>Het historische centrum van Willemstad, de hoofdstad van Cura\u00e7ao, staat op de Wereld Erfgoedlijst van UNESCO. De schitterende skyline van grachtenhuizen met Hollandse architectuur in Caribische kleuren hebben Willemstad de bijnaam \u2018Amsterdam van het westelijk halfrond\u2019 bezorgd. De prachtige St. Annabaai scheidt het oude centrum van Willemstad in twee delen: Punda en Otrabanda. Beide stadsdelen worden verbonden door de beroemde Koningin Emmabrug, in de volksmond ook wel <em>The swinging old lady<\/em> of <em>Pontjesbrug<\/em> genoemd. Neem plaats op een van de terrassen van de caf\u00e9s van Otrobanda (letterlijk \u2018de andere kant\u2019) en geniet van het schilderachtige uitzicht op de gevels van Punda. Of ga winkelen in het pittoreske Punda, een winkelgebied waar niet alleen lokale producten verkocht worden maar ook alle grote wereldmerken vertegenwoordigd zijn. Mis ook de drijvende markt niet, waar kooplui uit Venezuela vanaf hun vissersbootjes hun waar aanbieden.<\/p>\n<h3><\/h3>\n<h3>Stranden<\/h3>\n<p>De prachtige baaien en stranden van Cura\u00e7ao liggen grotendeels verspreid langs de beschutte en rustige kust van het zuidwesten. Het hagelwitte strand van <a title=\"Blue Bay Beach\" href=\"http:\/\/hotel.bluebay-curacao.com\/beach\" target=\"_blank\" rel=\"noopener noreferrer\">Blue Bay<\/a> ligt slecht op slechts 5 minuten van de Tropenvilla, en ook het zeer populaire <a title=\"Kokomo Beach\" href=\"http:\/\/www.kokomo-beach.com\/\" target=\"_blank\" rel=\"noopener noreferrer\">Kokomo Beach<\/a> is vlakbij. Maar er zijn nog veel meer stranden zoals\u00a0het paradijselijke<a title=\"Cas Abao Beach\" href=\"http:\/\/www.casabaobeach.com\/nl\/\" target=\"_blank\" rel=\"noopener noreferrer\"> Cas Abao\u00a0Beach<\/a> en\u00a0<a title=\"Playa Porto Mari\" href=\"http:\/\/www.playaportomari.com\/#\/home\/\" target=\"_blank\" rel=\"noopener noreferrer\">Playa Porto Mari <\/a>met zijn unieke \u2018dubbel rif\u2019 in de buurt die u zeker niet mag missen en waar u helemaal tot rust kunt komen. Op de website van Curacao Tourist board vindt u een goed <a title=\"alle stranden op Curacao \" href=\"https:\/\/www.curacao.com\/nl\/category\/stranden-en-duikplekken\" target=\"_blank\" rel=\"noopener noreferrer\">overzicht van alle stranden<\/a>.<\/p>\n<h3><\/h3>\n<h3>Golfen<\/h3>\n<p>Niet alle activiteiten op Cura\u00e7ao concentreren zich in en om het water. Als u graag golft dan kunt u op de golfbaan van Blue Bay (slechts op 5 minuten van de Tropenvilla ) 18 holes lopen. De baan biedt uitdagingen en verrassingen voor spelers van ieder niveau, zo vereist de <a title=\"Blue Bay Golf 5-Hole\" href=\"http:\/\/youtu.be\/wEzDNuvwHOg\" target=\"_blank\" rel=\"noopener noreferrer\">befaamde hole 5<\/a> dat u een flink stuk over de zee heen slaat. <a title=\"Blue Bay Golf\" href=\"http:\/\/golf.bluebay-curacao.com\/golfbaan\" target=\"_blank\" rel=\"noopener noreferrer\">Blue Bay Golf <\/a>is \u2018Pay &amp; Play\u2019, dus geen lidmaatschap of GVB vereist, bovendien kunt u ter plaatse een clinic of lessen boeken.<\/p>\n<h3><\/h3>\n<h3>Snorkelen en duiken<\/h3>\n<p>Het koraalrif dat voor de kust van\u00a0Cura\u00e7ao ligt kan zich meten met de mooiste rifformaties in de wereld. Er leven 57 koraalsoorten en wel 500 vissoorten. Van alle Caribische eilanden staat Cura\u00e7ao te boek als een van de beste gebieden voor kantduiken en snorkelen. De toegang tot de meeste locaties is heel gemakkelijk gewoon vanaf het strand omdat het rif veelal nabij de kustlijn ligt. De watertemperatuur is aangenaam, altijd tussen de 24\u00b0 C en 27\u00b0 C en het zicht is excellent, gemiddeld rond de 30 meter, de ideale omstandigheden om dit paradijs onder water te bekijken dus.\u00a0Er zijn veel erkende <a title=\"duikscholen\" href=\"https:\/\/www.curacao.com\/nl\/category\/duiken-en-snorkelen\" target=\"_blank\" rel=\"noopener noreferrer\">duikscholen <\/a>waar u een speciale\u00a0snorkel- of duiktour kunt boeken of uw duikbrevet halen.<\/p>\n<h3><\/h3>\n<h3>Zwemmen met dolfijnen<\/h3>\n<p>Dolfijnen zijn intelligente,\u00a0vriendelijke en bovenal speelse dieren het is dus niet zo vreemd\u00a0dat \u2018zwemmen met dolfijnen\u2019 bij veel\u00a0mensen\u00a0op \u2019t wensenlijstje staat. Op Cura\u00e7ao kunt u die wens heel gemakkelijk in vervulling laten gaan. Bij de <a title=\"Dolphin Academy\" href=\"http:\/\/www.dolphin-academy.com\/dolfijnprog.html\" target=\"_blank\" rel=\"noopener noreferrer\">Dolphin Academy<\/a> kunt u zwemmen met dolfijnen in hun natuurlijke lagune,\u00a0een\u00a0onvergetelijke ervaring met als\u00a0hoogtepunt de \u2018dorsal ride\u2019 waarbij twee dolfijnen u meenemen voor een ritje terwijl u hun rugvinnen vasthoudt.<\/p>\n<h3>Onbewoond eiland Klein Cura\u00e7ao<\/h3>\n<p>Ver weg van de gezellige drukte van Punda en Otrobanda op Cura\u00e7ao, ligt een eiland met witte zandstranden, kristalhelder water, een schitterend koraalrif, een waar mekka voor zonaanbidders, duikers, en snorkelaars. Klein Cura\u00e7ao ligt 25 kilometer van het zuidoostelijke puntje van het \u2018grote\u2019 Cura\u00e7ao, zo&#8217;n twee uur varen vanaf het Spaanse Water. Boek\u00a0voor een onvergetelijke dag\u00a0een plaatsje op een zeiljacht bij <a title=\"Bounty Adventures\" href=\"http:\/\/www.bountyadventures.com\/Curacao_Home_NL.html\" target=\"_blank\" rel=\"noopener noreferrer\">Bounty Adventures <\/a>of\u00a0op een motorjacht bij <a title=\"Mermaid Boattrips\" href=\"http:\/\/www.mermaidboattrips.com\/nl\/\" target=\"_blank\" rel=\"noopener noreferrer\">Mermaid Boattrips<\/a> en bezoek deze onbewoonde\u00a0Caribische parel.<\/p>\n<h3><\/h3>\n<h3>Eten en drinken<\/h3>\n<p>Cura\u00e7ao heeft met haar grote culturele diversiteit een keur aan restaurants waar u kunt genieten van lokale of internationale keukens. Of u nu op het strand, in de stad of in de heuvels wilt eten, er is voor ieder wat wils en voldoende aanbod om iedere avond ergens anders te gaan eten. Het is altijd wel ergens op het eiland happy hour dus geniet voor het diner van een sundowner bij een van de vele gezellige (beach)clubs en bars.<\/p>\n<h3><\/h3>\n<h3>Andere activiteiten en bezienswaardigheden<\/h3>\n<p>Er is op Cura\u00e7ao genoeg te doen en te beleven, teveel om hier allemaal op te noemen.\u00a0Op de website van het <a title=\"Cura\u00e7ao Tourist Board\" href=\"https:\/\/www.curacao.com\/nl\/dingen-om-te-doen\" target=\"_blank\" rel=\"noopener noreferrer\">Cura\u00e7ao Tourist Board <\/a>vindt u alle mogelijke Cura\u00e7aose attracties, bezienswaardigheden en activiteiten.<\/p>\n<h5><\/h5>\n<p><strong>Heeft u vragen of wilt u een reserveringsaanvraag doen, stuur\u00a0\u00a0een e-mail naar Janine van Winden via<\/strong> <a href=\"mailto:info@tropenvillacuracao.nl\" target=\"_blank\" rel=\"noopener noreferrer\"><span style=\"color: #3366ff;\">info@tropenvillacuracao.nl<\/span><\/a><\/p>\n","protected":false},"excerpt":{"rendered":"<h5>Ligging op Cura\u00e7ao<\/h5>\n<p>De Tropenvilla ligt in het lommerrijke Julianadorp, een rustige koloniale villawijk. Julianadorp ligt\u00a0\u00a0zeer centraal op het eiland, het\u00a0strand en de 18 holes <a title=\"Filmpje Golf Blue Bay\" href=\"http:\/\/youtu.be\/L12ZGixJcWU?hd=1\" target=\"_blank\" rel=\"noopener noreferrer\">golfbaan van Blue Bay <\/a>ligt op slechts 5 minuten, het is 7 minuten &hellip;<\/p>\n","protected":false},"author":1,"featured_media":0,"parent":0,"menu_order":0,"comment_status":"open","ping_status":"open","template":"","meta":{"footnotes":""},"_links":{"self":[{"href":"https:\/\/www.tropenvillacuracao.nl\/index.php\/wp-json\/wp\/v2\/pages\/180"}],"collection":[{"href":"https:\/\/www.tropenvillacuracao.nl\/index.php\/wp-json\/wp\/v2\/pages"}],"about":[{"href":"https:\/\/www.tropenvillacuracao.nl\/index.php\/wp-json\/wp\/v2\/types\/page"}],"author":[{"embeddable":true,"href":"https:\/\/www.tropenvillacuracao.nl\/index.php\/wp-json\/wp\/v2\/users\/1"}],"replies":[{"embeddable":true,"href":"https:\/\/www.tropenvillacuracao.nl\/index.php\/wp-json\/wp\/v2\/comments?post=180"}],"version-history":[{"count":90,"href":"https:\/\/www.tropenvillacuracao.nl\/index.php\/wp-json\/wp\/v2\/pages\/180\/revisions"}],"predecessor-version":[{"id":1016,"href":"https:\/\/www.tropenvillacuracao.nl\/index.php\/wp-json\/wp\/v2\/pages\/180\/revisions\/1016"}],"wp:attachment":[{"href":"https:\/\/www.tropenvillacuracao.nl\/index.php\/wp-json\/wp\/v2\/media?parent=180"}],"curies":[{"name":"wp","href":"https:\/\/api.w.org\/{rel}","templated":true}]}}